{"id":12093,"date":"2023-12-05T12:42:56","date_gmt":"2023-12-05T11:42:56","guid":{"rendered":"https:\/\/bdvm.de\/?page_id=12093"},"modified":"2023-12-05T12:44:16","modified_gmt":"2023-12-05T11:44:16","slug":"christian-j-fuchs","status":"publish","type":"page","link":"https:\/\/bdvm.de\/en\/bdvm\/vorstand\/christian-j-fuchs\/","title":{"rendered":"Christian J. Fuchs"},"content":{"rendered":"<section class=\"l-section wpb_row height_medium\"><div class=\"l-section-h i-cf\"><div class=\"g-cols vc_row via_flex valign_top type_default stacking_default\"><div class=\"vc_col-sm-3 wpb_column vc_column_container\"><div class=\"vc_column-inner\"><div class=\"wpb_wrapper\"><div class=\"ult-team-member-wrap ult-style-1\"><div class=\"ult-team-member-image\" style=\"\"> <img decoding=\"async\" class=\"\" src=\"https:\/\/bdvm.de\/wp-content\/uploads\/2023\/12\/Fuchs-scaled.jpg\" alt=\"null\"  style=\"\"><span class=\"ult-team-member-image-overlay\"  ><\/span><\/div><div class=\"ult-team-member-bio-wrap style-1 ultimate-heading69dfb94d28f9c\" style=\"text-align:center;; \"><div class=\"ult-team-member-name-wrap\"><h2 class=\"ult-team-member-name ult-responsive\"  data-ultimate-target='.ult-team-member-bio-wrap.ultimate-heading69dfb94d28f9c .ult-team-member-name'  data-responsive-json-new='{\"font-size\":\"\",\"line-height\":\"\"}'  style=\"\">Christian J. Fuchs<\/h2><div class=\"ult-team-member-position ult-responsive\"  data-ultimate-target='.ult-team-member-bio-wrap.ultimate-heading69dfb94d28f9c .ult-team-member-position'  data-responsive-json-new='{\"font-size\":\"\",\"line-height\":\"\"}'  style=\"\">FMP Fuchs &amp; Co. KG<\/div><div class=\"ult-team-member-description ult-responsive\"  data-ultimate-target='.ult-team-member-bio-wrap.ultimate-heading69dfb94d28f9c .ult-team-member-description'  data-responsive-json-new='{\"font-size\":\"\",\"line-height\":\"\"}'  style=\"\"><div class=\"vorstand\">\n<div class=\"vorstand\">Industriestr. 25<\/div>\n<div class=\"vorstand\">22880 Wedel<\/div>\n<div class=\"vorstand\">Telefon: 04103\/1899765<\/div>\n<div class=\"vorstand\">Fax: 04103\/1899774<\/div>\n<div class=\"vorstand\">post@fmp-fuchs.de<\/div>\n<div class=\"vorstand\">www.fmp-fuchs.de<\/div>\n<\/div><\/div><div style=\"margin-bottom:15px\"><\/div><\/div><\/div><\/div><\/div><\/div><\/div><div class=\"vc_col-sm-9 wpb_column vc_column_container\"><div class=\"vc_column-inner\"><div class=\"wpb_wrapper\"><div class=\"wpb_text_column\"><div class=\"wpb_wrapper\"><h4>Vita<\/h4>\n<ul>\n<li>geboren 1969<\/li>\n<li>1990 &#8211; 1994 Studium an der Universit\u00e4t Hamburg mit Abschluss als \u201eDiplom-Kaufmann\u201c<\/li>\n<li>seit 1995 Gr\u00fcnder und Komplement\u00e4r der Firma FMP Fuchs &amp; Co. KG &#8211; Unabh\u00e4ngiger Versicherungsmakler<\/li>\n<\/ul>\n<h4>\u00c4mter und Mandate<\/h4>\n<ul>\n<li>Ratsherr der Stadt Wedel<\/li>\n<li>Kreisvorsitzender der Mittelstands- und Wirtschaftsvereinigung MIT<\/li>\n<li>Stellv. Landesvorsitzender der Mittelstands- und Wirtschaftsvereinigung MIT<\/li>\n<li>Mitglied im Landesfachausschuss Schleswig-Holstein f\u00fcr Wirtschaft, Infrastruktur und Wohnungsbau<\/li>\n<li>Bundesdelegierter der Mittelstands- und Wirtschaftsvereinigung f\u00fcr Schleswig-Holstein<\/li>\n<\/ul>\n<\/div><\/div><\/div><\/div><\/div><\/div><\/div><\/section>","protected":false},"excerpt":{"rendered":"Christian J. FuchsFMP Fuchs &amp; Co. KG Industriestr. 25 22880 Wedel Telefon: 04103\/1899765 Fax: 04103\/1899774 post@fmp-fuchs.de www.fmp-fuchs.de Vita geboren 1969 1990 &#8211; 1994 Studium an der Universit\u00e4t Hamburg mit Abschluss als \u201eDiplom-Kaufmann\u201c seit 1995 Gr\u00fcnder und Komplement\u00e4r der Firma FMP Fuchs &amp; Co. KG &#8211; Unabh\u00e4ngiger Versicherungsmakler \u00c4mter und Mandate Ratsherr der Stadt Wedel Kreisvorsitzender...","protected":false},"author":6,"featured_media":0,"parent":6861,"menu_order":0,"comment_status":"closed","ping_status":"closed","template":"","meta":{"footnotes":""},"class_list":["post-12093","page","type-page","status-publish","hentry"],"yoast_head":"<!-- This site is optimized with the Yoast SEO plugin v26.8 - https:\/\/yoast.com\/product\/yoast-seo-wordpress\/ -->\n<title>Christian J. Fuchs | BDVM e.V.<\/title>\n<meta name=\"robots\" content=\"index, follow, max-snippet:-1, max-image-preview:large, max-video-preview:-1\" \/>\n<link rel=\"canonical\" href=\"https:\/\/bdvm.de\/en\/bdvm\/vorstand\/christian-j-fuchs\/\" \/>\n<meta property=\"og:locale\" content=\"en_US\" \/>\n<meta property=\"og:type\" content=\"article\" \/>\n<meta property=\"og:title\" content=\"Christian J. Fuchs | BDVM e.V.\" \/>\n<meta property=\"og:url\" content=\"https:\/\/bdvm.de\/en\/bdvm\/vorstand\/christian-j-fuchs\/\" \/>\n<meta property=\"og:site_name\" content=\"BDVM e.V.\" \/>\n<meta property=\"article:modified_time\" content=\"2023-12-05T11:44:16+00:00\" \/>\n<meta property=\"og:image\" content=\"https:\/\/bdvm.de\/wp-content\/uploads\/2019\/04\/bdvm_logo_kreis.jpg\" \/>\n\t<meta property=\"og:image:width\" content=\"821\" \/>\n\t<meta property=\"og:image:height\" content=\"821\" \/>\n\t<meta property=\"og:image:type\" content=\"image\/jpeg\" \/>\n<meta name=\"twitter:card\" content=\"summary_large_image\" \/>\n<meta name=\"twitter:label1\" content=\"Est. reading time\" \/>\n\t<meta name=\"twitter:data1\" content=\"1 minute\" \/>\n<script type=\"application\/ld+json\" class=\"yoast-schema-graph\">{\"@context\":\"https:\/\/schema.org\",\"@graph\":[{\"@type\":\"WebPage\",\"@id\":\"https:\/\/bdvm.de\/bdvm\/vorstand\/christian-j-fuchs\/\",\"url\":\"https:\/\/bdvm.de\/bdvm\/vorstand\/christian-j-fuchs\/\",\"name\":\"Christian J. Fuchs | BDVM e.V.\",\"isPartOf\":{\"@id\":\"https:\/\/bdvm.de\/#website\"},\"datePublished\":\"2023-12-05T11:42:56+00:00\",\"dateModified\":\"2023-12-05T11:44:16+00:00\",\"breadcrumb\":{\"@id\":\"https:\/\/bdvm.de\/bdvm\/vorstand\/christian-j-fuchs\/#breadcrumb\"},\"inLanguage\":\"en-US\",\"potentialAction\":[{\"@type\":\"ReadAction\",\"target\":[\"https:\/\/bdvm.de\/bdvm\/vorstand\/christian-j-fuchs\/\"]}]},{\"@type\":\"BreadcrumbList\",\"@id\":\"https:\/\/bdvm.de\/bdvm\/vorstand\/christian-j-fuchs\/#breadcrumb\",\"itemListElement\":[{\"@type\":\"ListItem\",\"position\":1,\"name\":\"Startseite\",\"item\":\"https:\/\/bdvm.de\/\"},{\"@type\":\"ListItem\",\"position\":2,\"name\":\"BDVM\",\"item\":\"https:\/\/bdvm.de\/bdvm\/\"},{\"@type\":\"ListItem\",\"position\":3,\"name\":\"Vorstand\",\"item\":\"https:\/\/bdvm.de\/bdvm\/vorstand\/\"},{\"@type\":\"ListItem\",\"position\":4,\"name\":\"Christian J. Fuchs\"}]},{\"@type\":\"WebSite\",\"@id\":\"https:\/\/bdvm.de\/#website\",\"url\":\"https:\/\/bdvm.de\/\",\"name\":\"BDVM e.V.\",\"description\":\"Bundesverband Deutscher Versicherungsmakler e.V.\",\"publisher\":{\"@id\":\"https:\/\/bdvm.de\/#organization\"},\"potentialAction\":[{\"@type\":\"SearchAction\",\"target\":{\"@type\":\"EntryPoint\",\"urlTemplate\":\"https:\/\/bdvm.de\/?s={search_term_string}\"},\"query-input\":{\"@type\":\"PropertyValueSpecification\",\"valueRequired\":true,\"valueName\":\"search_term_string\"}}],\"inLanguage\":\"en-US\"},{\"@type\":\"Organization\",\"@id\":\"https:\/\/bdvm.de\/#organization\",\"name\":\"Bundesverband Deutscher Versicherungsmakler e.V.\",\"url\":\"https:\/\/bdvm.de\/\",\"logo\":{\"@type\":\"ImageObject\",\"inLanguage\":\"en-US\",\"@id\":\"https:\/\/bdvm.de\/#\/schema\/logo\/image\/\",\"url\":\"https:\/\/bdvm.de\/wp-content\/uploads\/2019\/04\/bdvm_logo_kreis.jpg\",\"contentUrl\":\"https:\/\/bdvm.de\/wp-content\/uploads\/2019\/04\/bdvm_logo_kreis.jpg\",\"width\":821,\"height\":821,\"caption\":\"Bundesverband Deutscher Versicherungsmakler e.V.\"},\"image\":{\"@id\":\"https:\/\/bdvm.de\/#\/schema\/logo\/image\/\"}}]}<\/script>\n<!-- \/ Yoast SEO plugin. -->","yoast_head_json":{"title":"Christian J. Fuchs | BDVM e.V.","robots":{"index":"index","follow":"follow","max-snippet":"max-snippet:-1","max-image-preview":"max-image-preview:large","max-video-preview":"max-video-preview:-1"},"canonical":"https:\/\/bdvm.de\/en\/bdvm\/vorstand\/christian-j-fuchs\/","og_locale":"en_US","og_type":"article","og_title":"Christian J. Fuchs | BDVM e.V.","og_url":"https:\/\/bdvm.de\/en\/bdvm\/vorstand\/christian-j-fuchs\/","og_site_name":"BDVM e.V.","article_modified_time":"2023-12-05T11:44:16+00:00","og_image":[{"width":821,"height":821,"url":"https:\/\/bdvm.de\/wp-content\/uploads\/2019\/04\/bdvm_logo_kreis.jpg","type":"image\/jpeg"}],"twitter_card":"summary_large_image","twitter_misc":{"Est. reading time":"1 minute"},"schema":{"@context":"https:\/\/schema.org","@graph":[{"@type":"WebPage","@id":"https:\/\/bdvm.de\/bdvm\/vorstand\/christian-j-fuchs\/","url":"https:\/\/bdvm.de\/bdvm\/vorstand\/christian-j-fuchs\/","name":"Christian J. Fuchs | BDVM e.V.","isPartOf":{"@id":"https:\/\/bdvm.de\/#website"},"datePublished":"2023-12-05T11:42:56+00:00","dateModified":"2023-12-05T11:44:16+00:00","breadcrumb":{"@id":"https:\/\/bdvm.de\/bdvm\/vorstand\/christian-j-fuchs\/#breadcrumb"},"inLanguage":"en-US","potentialAction":[{"@type":"ReadAction","target":["https:\/\/bdvm.de\/bdvm\/vorstand\/christian-j-fuchs\/"]}]},{"@type":"BreadcrumbList","@id":"https:\/\/bdvm.de\/bdvm\/vorstand\/christian-j-fuchs\/#breadcrumb","itemListElement":[{"@type":"ListItem","position":1,"name":"Startseite","item":"https:\/\/bdvm.de\/"},{"@type":"ListItem","position":2,"name":"BDVM","item":"https:\/\/bdvm.de\/bdvm\/"},{"@type":"ListItem","position":3,"name":"Vorstand","item":"https:\/\/bdvm.de\/bdvm\/vorstand\/"},{"@type":"ListItem","position":4,"name":"Christian J. Fuchs"}]},{"@type":"WebSite","@id":"https:\/\/bdvm.de\/#website","url":"https:\/\/bdvm.de\/","name":"BDVM e.V.","description":"Bundesverband Deutscher Versicherungsmakler e.V.","publisher":{"@id":"https:\/\/bdvm.de\/#organization"},"potentialAction":[{"@type":"SearchAction","target":{"@type":"EntryPoint","urlTemplate":"https:\/\/bdvm.de\/?s={search_term_string}"},"query-input":{"@type":"PropertyValueSpecification","valueRequired":true,"valueName":"search_term_string"}}],"inLanguage":"en-US"},{"@type":"Organization","@id":"https:\/\/bdvm.de\/#organization","name":"Bundesverband Deutscher Versicherungsmakler e.V.","url":"https:\/\/bdvm.de\/","logo":{"@type":"ImageObject","inLanguage":"en-US","@id":"https:\/\/bdvm.de\/#\/schema\/logo\/image\/","url":"https:\/\/bdvm.de\/wp-content\/uploads\/2019\/04\/bdvm_logo_kreis.jpg","contentUrl":"https:\/\/bdvm.de\/wp-content\/uploads\/2019\/04\/bdvm_logo_kreis.jpg","width":821,"height":821,"caption":"Bundesverband Deutscher Versicherungsmakler e.V."},"image":{"@id":"https:\/\/bdvm.de\/#\/schema\/logo\/image\/"}}]}},"_links":{"self":[{"href":"https:\/\/bdvm.de\/en\/wp-json\/wp\/v2\/pages\/12093","targetHints":{"allow":["GET"]}}],"collection":[{"href":"https:\/\/bdvm.de\/en\/wp-json\/wp\/v2\/pages"}],"about":[{"href":"https:\/\/bdvm.de\/en\/wp-json\/wp\/v2\/types\/page"}],"author":[{"embeddable":true,"href":"https:\/\/bdvm.de\/en\/wp-json\/wp\/v2\/users\/6"}],"replies":[{"embeddable":true,"href":"https:\/\/bdvm.de\/en\/wp-json\/wp\/v2\/comments?post=12093"}],"version-history":[{"count":1,"href":"https:\/\/bdvm.de\/en\/wp-json\/wp\/v2\/pages\/12093\/revisions"}],"predecessor-version":[{"id":12094,"href":"https:\/\/bdvm.de\/en\/wp-json\/wp\/v2\/pages\/12093\/revisions\/12094"}],"up":[{"embeddable":true,"href":"https:\/\/bdvm.de\/en\/wp-json\/wp\/v2\/pages\/6861"}],"wp:attachment":[{"href":"https:\/\/bdvm.de\/en\/wp-json\/wp\/v2\/media?parent=12093"}],"curies":[{"name":"wp","href":"https:\/\/api.w.org\/{rel}","templated":true}]}}