{"id":7349,"date":"2019-01-25T15:54:18","date_gmt":"2019-01-25T15:54:18","guid":{"rendered":"https:\/\/bdvm.de\/?page_id=7349"},"modified":"2019-02-08T15:02:37","modified_gmt":"2019-02-08T15:02:37","slug":"veranstaltungen","status":"publish","type":"page","link":"https:\/\/bdvm.de\/en\/versicherungsmakler\/veranstaltungen\/","title":{"rendered":"Veranstaltungen"},"content":{"rendered":"<section class=\"l-section wpb_row height_medium\"><div class=\"l-section-h i-cf\"><div class=\"g-cols vc_row via_flex valign_top type_default stacking_default\"><div class=\"vc_col-sm-12 wpb_column vc_column_container\"><div class=\"vc_column-inner\"><div class=\"wpb_wrapper\"><div class=\"wpb_text_column\"><div class=\"wpb_wrapper\"><h2>VORSPRUNG DURCH WISSEN UND ERFAHRUNGS\u00adAUSTAUSCH<\/h2>\n<p class=\"firstp\">Der BDVM richtet jedes Jahr im Fr\u00fchjahr und im Herbst \u00fcberregionale Veranstaltungen aus &#8211; mit Vortr\u00e4gen, Podiumsdiskussionen, Foren und einem attraktiven Rahmenprogramm.<\/p>\n<p><strong>Das Makler-Symposium<\/strong><br \/>\nIn den geraden Jahren findet jeweils im Fr\u00fchjahr das \u00f6ffentliche, in der Regel zweit\u00e4gige BDVM Makler-Symposium statt, bei dem Grundsatzfragen der Versicherungswirtschaft und der Versicherungsmaklerschaft thematisiert werden. Im unteren Bereich dieser Seite finden Sie eine kurze \u00dcbersicht der bisher durchgef\u00fchrten BDVM Makler-Symposien.<\/p>\n<p><strong>Der Versicherungsfachtag\u00a0<\/strong><br \/>\nIn den ungeraden Jahren f\u00fchrt derBVDVM den Versicherungsfachtag durch. Im Gegensatz zum Symposium ist diese Veranstaltung BDVM-Mitgliedern vorbehalten. Im Mittelpunkt stehen Themen, die das Tagesgesch\u00e4ft betreffen. 2017 fand der Versicherungsfachtag am 21. Juni im Maritim Hotel in W\u00fcrzburg statt. Das Programm finden Sie\u00a0<a class=\"alink\" href=\"https:\/\/bdvm.de\/wp-content\/uploads\/2019\/02\/Programm_VDVM-VersFachtag2017-1.pdf\" target=\"_blank\" rel=\"noopener\"><strong>hier<\/strong>.<\/a><\/p>\n<p><strong>Die Mitgliederversammlung<\/strong><br \/>\nIm Herbst findet jedes Jahr traditionell am 3. Freitag im November die Mitgliederversammlung des BDVM statt. Hier werden die wichtigen berufsst\u00e4ndischen Fragestellungen er\u00f6rtert und \u00fcber die Besetzung des Vorstandes entschieden.<\/p>\n<p><strong>Impressionen<\/strong><br \/>\nSchauen Sie sich ein wenig um bei unseren Veranstaltungen, Fotos finden Sie\u00a0<a class=\"alink\" href=\"https:\/\/bdvm.de\/en\/galerie\/\" target=\"_blank\" rel=\"noopener\">hier<\/a>.<\/p>\n<p><strong>Regionale Veranstaltungen<\/strong><br \/>\nInformationen \u00fcber Veranstaltungen in Ihrer N\u00e4he erhalten Sie bei den zust\u00e4ndigen\u00a0<a href=\"https:\/\/bdvm.de\/en\/fuer_versicherungsmakler\/regionalkreise\/\">Regionalkreisen<\/a>. Bei den Regionalkreis-Veranstaltungen sind G\u00e4ste immer willkommen!<\/p>\n<\/div><\/div><div class=\"w-separator size_small with_line width_default thick_1 style_solid color_secondary align_center\"><div class=\"w-separator-h\"><\/div><\/div><div class=\"wpb_text_column\"><div class=\"wpb_wrapper\"><p><em><strong>R\u00fcckblick auf BDVM \/ VDVM Symposien<\/strong><\/em><\/p>\n<p><strong>2008<\/strong>\u00a0stand beim 4. VDVM Makler-Symposium in Dresden die Suche nach dem Erfolg von morgen im Mittelpunkt. Eine kurze Zusammenfassung der Inhalte stehen Ihnen\u00a0<a class=\"alink\" href=\"https:\/\/bdvm.de\/wp-content\/uploads\/2019\/01\/kurzbericht_symposium2008.pdf\">hier<\/a>\u00a0zur Verf\u00fcgung.<\/p>\n<p><strong>2010<\/strong>\u00a0fand das 5. VDVM Maklersymposium am 10. und 11. Juni 2010 in Mannheim statt. Zum Programm sowie zu allen weiteren Informationen rund um die Veranstaltung geht es\u00a0<a class=\"alink\" href=\"https:\/\/bdvm.de\/wp-content\/uploads\/2019\/02\/programm_vdvm_symposium_muenchen_2010.pdf\" target=\"_blank\" rel=\"noopener\">hier<\/a>.<\/p>\n<p><strong>2012<\/strong>\u00a0wurde das 6. VDVM Makler-Symposium zum ersten Mal in Zusammenarbeit mit dem Verband \u00d6sterreichischer Versicherungsmakler (V\u00d6VM) durchgef\u00fchrt &#8211; am\u00a010. und 11. Mai in M\u00fcnchen.\u00a0Das Programm sowie Informationen zur Veranstaltung finden Sie\u00a0<a class=\"alink\" href=\"https:\/\/bdvm.de\/wp-content\/uploads\/2019\/02\/6-vdvm-makler-symposium-2012-in-m\u00fcnchen-unterschlei\u00dfheim.pdf\" target=\"_blank\" rel=\"noopener\">hier<\/a>.<\/p>\n<p><strong>2014<\/strong>\u00a0f\u00fchrte das 7. VDVM Makler-Symposium die Teilnehmer nach N\u00fcrnberg.\u00a0Das Programm der Veranstaltung finden Sie\u00a0<a class=\"alink\" href=\"https:\/\/bdvm.de\/wp-content\/uploads\/2019\/01\/programm_symposium2014_internet.pdf\">hier<\/a>.<\/p>\n<p><strong>2016<\/strong>\u00a0fand das 8. VDVM Makler-Symposium am 8. und 9. Juni in Berlin statt. Das Programm k\u00f6nnen Sie sich\u00a0<a class=\"alink\" href=\"https:\/\/bdvm.de\/wp-content\/uploads\/2019\/01\/Programm_Symposium2016.pdf\">hier<\/a>\u00a0herunterladen.<\/p>\n<p><strong>2018<\/strong>\u00a0fand das 9. BDVM Makler-Symposium am 6. und 7. Juni in M\u00fcnchen statt. Das Programm k\u00f6nnen Sie sich\u00a0<a class=\"alink\" href=\"https:\/\/bdvm.de\/wp-content\/uploads\/2019\/01\/Programm_BDVM-Symposium2018.pdf\">hier<\/a>\u00a0herunterladen.<\/p>\n<\/div><\/div><\/div><\/div><\/div><\/div><\/div><\/section>","protected":false},"excerpt":{"rendered":"VORSPRUNG DURCH WISSEN UND ERFAHRUNGS\u00adAUSTAUSCH Der BDVM richtet jedes Jahr im Fr\u00fchjahr und im Herbst \u00fcberregionale Veranstaltungen aus &#8211; mit Vortr\u00e4gen, Podiumsdiskussionen, Foren und einem attraktiven Rahmenprogramm. Das Makler-Symposium In den geraden Jahren findet jeweils im Fr\u00fchjahr das \u00f6ffentliche, in der Regel zweit\u00e4gige BDVM Makler-Symposium statt, bei dem Grundsatzfragen der Versicherungswirtschaft und der Versicherungsmaklerschaft thematisiert...","protected":false},"author":6,"featured_media":0,"parent":1106,"menu_order":0,"comment_status":"closed","ping_status":"closed","template":"","meta":{"footnotes":""},"class_list":["post-7349","page","type-page","status-publish","hentry"],"yoast_head":"<!-- This site is optimized with the Yoast SEO plugin v27.4 - https:\/\/yoast.com\/product\/yoast-seo-wordpress\/ -->\n<title>Veranstaltungen | BDVM e.V.<\/title>\n<meta name=\"robots\" content=\"index, follow, max-snippet:-1, max-image-preview:large, max-video-preview:-1\" \/>\n<link rel=\"canonical\" href=\"https:\/\/bdvm.de\/en\/versicherungsmakler\/veranstaltungen\/\" \/>\n<meta property=\"og:locale\" content=\"en_US\" \/>\n<meta property=\"og:type\" content=\"article\" \/>\n<meta property=\"og:title\" content=\"Veranstaltungen | BDVM e.V.\" \/>\n<meta property=\"og:url\" content=\"https:\/\/bdvm.de\/en\/versicherungsmakler\/veranstaltungen\/\" \/>\n<meta property=\"og:site_name\" content=\"BDVM e.V.\" \/>\n<meta property=\"article:modified_time\" content=\"2019-02-08T15:02:37+00:00\" \/>\n<meta property=\"og:image\" content=\"https:\/\/bdvm.de\/wp-content\/uploads\/2019\/04\/bdvm_logo_kreis.jpg\" \/>\n\t<meta property=\"og:image:width\" content=\"821\" \/>\n\t<meta property=\"og:image:height\" content=\"821\" \/>\n\t<meta property=\"og:image:type\" content=\"image\/jpeg\" \/>\n<meta name=\"twitter:card\" content=\"summary_large_image\" \/>\n<meta name=\"twitter:label1\" content=\"Est. reading time\" \/>\n\t<meta name=\"twitter:data1\" content=\"2 minutes\" \/>\n<script type=\"application\/ld+json\" class=\"yoast-schema-graph\">{\"@context\":\"https:\\\/\\\/schema.org\",\"@graph\":[{\"@type\":\"WebPage\",\"@id\":\"https:\\\/\\\/bdvm.de\\\/versicherungsmakler\\\/veranstaltungen\\\/\",\"url\":\"https:\\\/\\\/bdvm.de\\\/versicherungsmakler\\\/veranstaltungen\\\/\",\"name\":\"Veranstaltungen | BDVM e.V.\",\"isPartOf\":{\"@id\":\"https:\\\/\\\/bdvm.de\\\/#website\"},\"datePublished\":\"2019-01-25T15:54:18+00:00\",\"dateModified\":\"2019-02-08T15:02:37+00:00\",\"breadcrumb\":{\"@id\":\"https:\\\/\\\/bdvm.de\\\/versicherungsmakler\\\/veranstaltungen\\\/#breadcrumb\"},\"inLanguage\":\"en-US\",\"potentialAction\":[{\"@type\":\"ReadAction\",\"target\":[\"https:\\\/\\\/bdvm.de\\\/versicherungsmakler\\\/veranstaltungen\\\/\"]}]},{\"@type\":\"BreadcrumbList\",\"@id\":\"https:\\\/\\\/bdvm.de\\\/versicherungsmakler\\\/veranstaltungen\\\/#breadcrumb\",\"itemListElement\":[{\"@type\":\"ListItem\",\"position\":1,\"name\":\"Startseite\",\"item\":\"https:\\\/\\\/bdvm.de\\\/\"},{\"@type\":\"ListItem\",\"position\":2,\"name\":\"Versicherungsmakler\",\"item\":\"https:\\\/\\\/bdvm.de\\\/versicherungsmakler\\\/\"},{\"@type\":\"ListItem\",\"position\":3,\"name\":\"Veranstaltungen\"}]},{\"@type\":\"WebSite\",\"@id\":\"https:\\\/\\\/bdvm.de\\\/#website\",\"url\":\"https:\\\/\\\/bdvm.de\\\/\",\"name\":\"BDVM e.V.\",\"description\":\"Bundesverband Deutscher Versicherungsmakler e.V.\",\"publisher\":{\"@id\":\"https:\\\/\\\/bdvm.de\\\/#organization\"},\"potentialAction\":[{\"@type\":\"SearchAction\",\"target\":{\"@type\":\"EntryPoint\",\"urlTemplate\":\"https:\\\/\\\/bdvm.de\\\/?s={search_term_string}\"},\"query-input\":{\"@type\":\"PropertyValueSpecification\",\"valueRequired\":true,\"valueName\":\"search_term_string\"}}],\"inLanguage\":\"en-US\"},{\"@type\":\"Organization\",\"@id\":\"https:\\\/\\\/bdvm.de\\\/#organization\",\"name\":\"Bundesverband Deutscher Versicherungsmakler e.V.\",\"url\":\"https:\\\/\\\/bdvm.de\\\/\",\"logo\":{\"@type\":\"ImageObject\",\"inLanguage\":\"en-US\",\"@id\":\"https:\\\/\\\/bdvm.de\\\/#\\\/schema\\\/logo\\\/image\\\/\",\"url\":\"https:\\\/\\\/bdvm.de\\\/wp-content\\\/uploads\\\/2019\\\/04\\\/bdvm_logo_kreis.jpg\",\"contentUrl\":\"https:\\\/\\\/bdvm.de\\\/wp-content\\\/uploads\\\/2019\\\/04\\\/bdvm_logo_kreis.jpg\",\"width\":821,\"height\":821,\"caption\":\"Bundesverband Deutscher Versicherungsmakler e.V.\"},\"image\":{\"@id\":\"https:\\\/\\\/bdvm.de\\\/#\\\/schema\\\/logo\\\/image\\\/\"}}]}<\/script>\n<!-- \/ Yoast SEO plugin. -->","yoast_head_json":{"title":"Veranstaltungen | BDVM e.V.","robots":{"index":"index","follow":"follow","max-snippet":"max-snippet:-1","max-image-preview":"max-image-preview:large","max-video-preview":"max-video-preview:-1"},"canonical":"https:\/\/bdvm.de\/en\/versicherungsmakler\/veranstaltungen\/","og_locale":"en_US","og_type":"article","og_title":"Veranstaltungen | BDVM e.V.","og_url":"https:\/\/bdvm.de\/en\/versicherungsmakler\/veranstaltungen\/","og_site_name":"BDVM e.V.","article_modified_time":"2019-02-08T15:02:37+00:00","og_image":[{"width":821,"height":821,"url":"https:\/\/bdvm.de\/wp-content\/uploads\/2019\/04\/bdvm_logo_kreis.jpg","type":"image\/jpeg"}],"twitter_card":"summary_large_image","twitter_misc":{"Est. reading time":"2 minutes"},"schema":{"@context":"https:\/\/schema.org","@graph":[{"@type":"WebPage","@id":"https:\/\/bdvm.de\/versicherungsmakler\/veranstaltungen\/","url":"https:\/\/bdvm.de\/versicherungsmakler\/veranstaltungen\/","name":"Veranstaltungen | BDVM e.V.","isPartOf":{"@id":"https:\/\/bdvm.de\/#website"},"datePublished":"2019-01-25T15:54:18+00:00","dateModified":"2019-02-08T15:02:37+00:00","breadcrumb":{"@id":"https:\/\/bdvm.de\/versicherungsmakler\/veranstaltungen\/#breadcrumb"},"inLanguage":"en-US","potentialAction":[{"@type":"ReadAction","target":["https:\/\/bdvm.de\/versicherungsmakler\/veranstaltungen\/"]}]},{"@type":"BreadcrumbList","@id":"https:\/\/bdvm.de\/versicherungsmakler\/veranstaltungen\/#breadcrumb","itemListElement":[{"@type":"ListItem","position":1,"name":"Startseite","item":"https:\/\/bdvm.de\/"},{"@type":"ListItem","position":2,"name":"Versicherungsmakler","item":"https:\/\/bdvm.de\/versicherungsmakler\/"},{"@type":"ListItem","position":3,"name":"Veranstaltungen"}]},{"@type":"WebSite","@id":"https:\/\/bdvm.de\/#website","url":"https:\/\/bdvm.de\/","name":"BDVM e.V.","description":"Bundesverband Deutscher Versicherungsmakler e.V.","publisher":{"@id":"https:\/\/bdvm.de\/#organization"},"potentialAction":[{"@type":"SearchAction","target":{"@type":"EntryPoint","urlTemplate":"https:\/\/bdvm.de\/?s={search_term_string}"},"query-input":{"@type":"PropertyValueSpecification","valueRequired":true,"valueName":"search_term_string"}}],"inLanguage":"en-US"},{"@type":"Organization","@id":"https:\/\/bdvm.de\/#organization","name":"Bundesverband Deutscher Versicherungsmakler e.V.","url":"https:\/\/bdvm.de\/","logo":{"@type":"ImageObject","inLanguage":"en-US","@id":"https:\/\/bdvm.de\/#\/schema\/logo\/image\/","url":"https:\/\/bdvm.de\/wp-content\/uploads\/2019\/04\/bdvm_logo_kreis.jpg","contentUrl":"https:\/\/bdvm.de\/wp-content\/uploads\/2019\/04\/bdvm_logo_kreis.jpg","width":821,"height":821,"caption":"Bundesverband Deutscher Versicherungsmakler e.V."},"image":{"@id":"https:\/\/bdvm.de\/#\/schema\/logo\/image\/"}}]}},"_links":{"self":[{"href":"https:\/\/bdvm.de\/en\/wp-json\/wp\/v2\/pages\/7349","targetHints":{"allow":["GET"]}}],"collection":[{"href":"https:\/\/bdvm.de\/en\/wp-json\/wp\/v2\/pages"}],"about":[{"href":"https:\/\/bdvm.de\/en\/wp-json\/wp\/v2\/types\/page"}],"author":[{"embeddable":true,"href":"https:\/\/bdvm.de\/en\/wp-json\/wp\/v2\/users\/6"}],"replies":[{"embeddable":true,"href":"https:\/\/bdvm.de\/en\/wp-json\/wp\/v2\/comments?post=7349"}],"version-history":[{"count":5,"href":"https:\/\/bdvm.de\/en\/wp-json\/wp\/v2\/pages\/7349\/revisions"}],"predecessor-version":[{"id":8723,"href":"https:\/\/bdvm.de\/en\/wp-json\/wp\/v2\/pages\/7349\/revisions\/8723"}],"up":[{"embeddable":true,"href":"https:\/\/bdvm.de\/en\/wp-json\/wp\/v2\/pages\/1106"}],"wp:attachment":[{"href":"https:\/\/bdvm.de\/en\/wp-json\/wp\/v2\/media?parent=7349"}],"curies":[{"name":"wp","href":"https:\/\/api.w.org\/{rel}","templated":true}]}}