{"id":7607,"date":"2019-02-04T07:48:02","date_gmt":"2019-02-04T07:48:02","guid":{"rendered":"https:\/\/bdvm.de\/?page_id=7607"},"modified":"2019-03-01T10:11:21","modified_gmt":"2019-03-01T10:11:21","slug":"events-2","status":"publish","type":"page","link":"https:\/\/bdvm.de\/en\/events-2\/","title":{"rendered":"Events"},"content":{"rendered":"<div class=\"event-list\">\n\t\t\t\t<style type=\"text\/css\">\n\t\t\t\t\t.filterbar { display:table; width:100% }\n\t\t\t\t\t.filterbar > div { display:table-cell }\n\t\t\t\t<\/style>\n\t\t\t\t<!--[if lte IE 7]>\n\t\t\t\t<style>.filterbar > div { float:left }<\/style>\n\t\t\t\t<![endif]-->\n\t\t\t\t<div class=\"filterbar subsubsub\">\n\t\t\t\t\t<div style=\"text-align:left\"><ul class=\"hlist\"><li><a href=\"https:\/\/bdvm.de\/en\/events-2\/?date1=all\">All<\/a><\/li><li><strong>Upcoming<\/strong><\/li><li><a href=\"https:\/\/bdvm.de\/en\/events-2\/?date1=2019\">2019<\/a><\/li><li><a href=\"https:\/\/bdvm.de\/en\/events-2\/?date1=2020\">2020<\/a><\/li><li><a href=\"https:\/\/bdvm.de\/en\/events-2\/?date1=2021\">2021<\/a><\/li><li><a href=\"https:\/\/bdvm.de\/en\/events-2\/?date1=2022\">2022<\/a><\/li><li><a href=\"https:\/\/bdvm.de\/en\/events-2\/?date1=2023\">2023<\/a><\/li><li><a href=\"https:\/\/bdvm.de\/en\/events-2\/?date1=2024\">2024<\/a><\/li><li><a href=\"https:\/\/bdvm.de\/en\/events-2\/?date1=2025\">2025<\/a><\/li><li><a href=\"https:\/\/bdvm.de\/en\/events-2\/?date1=2026\">2026<\/a><\/li><\/ul>\n\t\t\t\t\t<\/div><\/div>\n\t\t\t\t<ul class=\"event-list-view\">\n\t\t\t \t<li class=\"event\">\n\t\t\t\t\t<div class=\"event-date single-date\"><div class=\"startdate\"><div class=\"event-weekday\">Thu<\/div><div class=\"event-day\">23<\/div><div class=\"event-month\">Apr<\/div><div class=\"event-year\">2026<\/div><\/div><\/div>\n\t\t\t\t\t<div class=\"event-info single-day\"><div class=\"event-title\"><h3><a href=\"https:\/\/bdvm.de\/en\/events-2\/?event_id1=13825\">Webinar \u201eKI-Kompetenz-Basisschulung\u201c<\/a><\/h3><\/div><span class=\"event-time\">10:00 \u2013 ca. 11:10 Uhr<\/span><span class=\"event-location\">GoTo-Webinar (online), Referent: Stephan Fr\u00f6hlich, Dr. Ludwig &amp; Partner<\/span><div class=\"event-content\"><p>Einladung und Anmeldelink folgen per Newsletter an die Mitglieder!<\/p>\n<\/div><\/div>\n\t\t\t\t<\/li>\n\t\t\t \t<li class=\"event\">\n\t\t\t\t\t<div class=\"event-date single-date\"><div class=\"startdate\"><div class=\"event-weekday\">Tue<\/div><div class=\"event-day\">28<\/div><div class=\"event-month\">Apr<\/div><div class=\"event-year\">2026<\/div><\/div><\/div>\n\t\t\t\t\t<div class=\"event-info single-day\"><div class=\"event-title\"><h3><a href=\"https:\/\/bdvm.de\/en\/events-2\/?event_id1=14050\">Regionalkreistagung Bayern<\/a><\/h3><\/div><span class=\"event-time\">12:30 bis 17:00 Uhr<\/span><span class=\"event-location\">Maritim Hotel, Schlo\u00dfl\u00e4nde 24, 85049 Ingolstadt<\/span><div class=\"event-content\"><p><a href=\"https:\/\/bdvm.de\/wp-content\/uploads\/2026\/03\/Einladung-Bayern-26-04-28.pdf\" target=\"_blank\" rel=\"noopener\">Einladung<\/a><\/p>\n<p><a href=\"https:\/\/forms.gle\/mg7u4jo2UJWmPHi8A\" target=\"_blank\" rel=\"noopener\">Anmeldung<\/a><\/p>\n<\/div><\/div>\n\t\t\t\t<\/li>\n\t\t\t \t<li class=\"event\">\n\t\t\t\t\t<div class=\"event-date single-date\"><div class=\"startdate\"><div class=\"event-weekday\">Tue<\/div><div class=\"event-day\">16<\/div><div class=\"event-month\">Jun<\/div><div class=\"event-year\">2026<\/div><\/div><\/div>\n\t\t\t\t\t<div class=\"event-info single-day\"><div class=\"event-title\"><h3><a href=\"https:\/\/bdvm.de\/en\/events-2\/?event_id1=13714\">BDVM-Symposium in K\u00f6ln<\/a><\/h3><\/div><span class=\"event-time\">09:00 \u2013 16:00 Uhr<\/span><span class=\"event-location\">Radisson Blu Hotel K\u00f6ln, Messe Kreisel 3, 50679 K\u00f6ln<\/span><div class=\"event-content\"><p>Am <strong>15.06.2026<\/strong> veranstaltet der BDVM ein Get-Together f\u00fcr alle Teilnehmer des Symposiums.<\/p>\n<p>Das detaillierte Programm k\u00f6nnen Sie unter folgendem Link einsehen: <a href=\"https:\/\/bdvm.de\/en\/symposium-2026\/\" target=\"_blank\" rel=\"noopener\">Symposium 2026<\/a><\/p>\n<p>Bitte melden Sie sich ausschlie\u00dflich \u00fcber folgenden Link zum Symposium an: <a href=\"https:\/\/forms.gle\/LVAkbUQKkqWXsJBz8\" target=\"_blank\" rel=\"noopener\">Anmeldung<\/a><\/p>\n<p>Ein Abrufkontigent f\u00fcr Ihre Zimmerreservierung steht Ihnen bereits jetzt mit dem <strong>Aktionscode <\/strong>\"<strong>BDVM2026<\/strong>\" bis zum<strong> 19. April 2026<\/strong> \u00fcber folgenden Link zur Verf\u00fcgung:<\/p>\n<p><a href=\"https:\/\/www.radissonhotels.com\/de-de\/hotels\/radisson-blu-cologne\"><strong><em>Zimmerreservierung<\/em><\/strong><\/a><\/p>\n<p>Dar\u00fcber hinaus k\u00f6nnen Sie Ihr Zimmer auch \u00fcber die Rufnummer 0221-277 20-0 unter Angabe des Aktionscodes \"<strong>BDVM2026<\/strong>\" reservieren. Die angegebenen Zimmerpreise verstehen sich inklusive Fr\u00fchst\u00fcck, MwSt. und City-Tax.<\/p>\n<\/div><\/div>\n\t\t\t\t<\/li>\n\t\t\t \t<li class=\"event\">\n\t\t\t\t\t<div class=\"event-date single-date\"><div class=\"startdate\"><div class=\"event-weekday\">Tue<\/div><div class=\"event-day\">22<\/div><div class=\"event-month\">Sep<\/div><div class=\"event-year\">2026<\/div><\/div><\/div>\n\t\t\t\t\t<div class=\"event-info single-day\"><div class=\"event-title\"><h3><a href=\"https:\/\/bdvm.de\/en\/events-2\/?event_id1=13827\">Webinar \u201eKI-Kompetenz-Basisschulung\u201c<\/a><\/h3><\/div><span class=\"event-time\">10:00 \u2013 ca. 11:10 Uhr<\/span><span class=\"event-location\">GoTo-Webinar (online), Referent: Stephan Fr\u00f6hlich, Dr. Ludwig &amp; Partner<\/span><div class=\"event-content\"><p>Einladung und Anmeldelink folgen per Newsletter an die Mitglieder!<\/p>\n<\/div><\/div>\n\t\t\t\t<\/li>\n\t\t\t \t<li class=\"event\">\n\t\t\t\t\t<div class=\"event-date single-date\"><div class=\"startdate\"><div class=\"event-weekday\">Tue<\/div><div class=\"event-day\">27<\/div><div class=\"event-month\">Oct<\/div><div class=\"event-year\">2026<\/div><\/div><\/div>\n\t\t\t\t\t<div class=\"event-info single-day\"><div class=\"event-title\"><h3><a href=\"https:\/\/bdvm.de\/en\/events-2\/?event_id1=13715\">DKM-Pressekonferenz<\/a><\/h3><\/div><span class=\"event-time\">10:00 \u2013 11:00 Uhr<\/span><span class=\"event-location\">Westfalenhalle, Rheinlanddamm 200, 44139 Dortmund<\/span><div class=\"event-content\"><p>im Raum Br\u00fcgge, Eingangsbereich OG, in der Messe Dortmund<\/p>\n<\/div><\/div>\n\t\t\t\t<\/li>\n\t\t\t \t<li class=\"event\">\n\t\t\t\t\t<div class=\"event-date single-date\"><div class=\"startdate\"><div class=\"event-weekday\">Tue<\/div><div class=\"event-day\">27<\/div><div class=\"event-month\">Oct<\/div><div class=\"event-year\">2026<\/div><\/div><\/div>\n\t\t\t\t\t<div class=\"event-info single-day\"><div class=\"event-title\"><h3><a href=\"https:\/\/bdvm.de\/en\/events-2\/?event_id1=13716\">DKM-Kongresstag<\/a><\/h3><\/div><span class=\"event-time\">13:00 \u2013 18:00 Uhr<\/span><span class=\"event-location\">Westfalenhalle, Rheinlanddamm 200, 44139 Dortmund<\/span><div class=\"event-content\"><p>Kongress: Marktumfeld Gewerbe, Industrie, Leben 2026<br \/>\nWo: Eingang \/ OG Raum Bergen<br \/>\nBDVM-Messestand: Halle 3, F13<\/p>\n<\/div><\/div>\n\t\t\t\t<\/li>\n\t\t\t \t<li class=\"event\">\n\t\t\t\t\t<div class=\"event-date single-date\"><div class=\"startdate\"><div class=\"event-weekday\">Wed<\/div><div class=\"event-day\">28<\/div><div class=\"event-month\">Oct<\/div><div class=\"event-year\">2026<\/div><\/div><\/div>\n\t\t\t\t\t<div class=\"event-info single-day\"><div class=\"event-title\"><h3><a href=\"https:\/\/bdvm.de\/en\/events-2\/?event_id1=13717\">DKM-Messetag<\/a><\/h3><\/div><span class=\"event-time\">11:00 \u2013 17:00 Uhr<\/span><span class=\"event-location\">Westfalenhalle, Rheinlanddamm 200, 44139 Dortmund<\/span><div class=\"event-content\"><p>BDVM-Messestand: Halle 3, F13<\/p>\n<\/div><\/div>\n\t\t\t\t<\/li>\n\t\t\t \t<li class=\"event\">\n\t\t\t\t\t<div class=\"event-date single-date\"><div class=\"startdate\"><div class=\"event-weekday\">Thu<\/div><div class=\"event-day\">19<\/div><div class=\"event-month\">Nov<\/div><div class=\"event-year\">2026<\/div><\/div><\/div>\n\t\t\t\t\t<div class=\"event-info single-day\"><div class=\"event-title\"><h3><a href=\"https:\/\/bdvm.de\/en\/events-2\/?event_id1=13718\">Vorabendveranstaltung Mitgliederversammlung in Hamburg<\/a><\/h3><\/div><span class=\"event-time\">18:30 Uhr<\/span><div class=\"event-content\"><p>Informationen folgen!<\/p>\n<\/div><\/div>\n\t\t\t\t<\/li>\n\t\t\t \t<li class=\"event\">\n\t\t\t\t\t<div class=\"event-date single-date\"><div class=\"startdate\"><div class=\"event-weekday\">Fri<\/div><div class=\"event-day\">20<\/div><div class=\"event-month\">Nov<\/div><div class=\"event-year\">2026<\/div><\/div><\/div>\n\t\t\t\t\t<div class=\"event-info single-day\"><div class=\"event-title\"><h3><a href=\"https:\/\/bdvm.de\/en\/events-2\/?event_id1=13719\">Mitgliederversammlung in Hamburg<\/a><\/h3><\/div><span class=\"event-time\">09:00 \u2013 ca. 14:00 Uhr<\/span><span class=\"event-location\">The Westin Hotel Hamburg, Elbphilharmonie, Platz der Deutschen Einheit 2, 20457 Hamburg<\/span><div class=\"event-content\"><p>Ein Abrufkontigent f\u00fcr Ihre Zimmerreservierung steht Ihnen bereits unter dem Stichwort \u201e<strong>BDVM<\/strong>\u201c und <strong>bis zum 19.09.2026<\/strong> zur Verf\u00fcgung.<\/p>\n<p><a href=\"https:\/\/www.marriott.com\/de\/event-reservations\/reservation-link.mi?id=1761317322034&amp;key=GRP&amp;dtt=true&amp;guestreslink2=true&amp;app=resvlink\"><strong><em>Zimmerreservierung<\/em><\/strong><\/a><\/p>\n<p>Die angegebenen Zimmerpreise verstehen sich inklusive Fr\u00fchst\u00fcck, MwSt. und City-Tax.<\/p>\n<p>Weitere Informationen geben wir Ihnen in unserer Einladung bekannt, die wir <strong>sp\u00e4testens 4 Wochen<\/strong> vor der Veranstaltung versenden.<\/p>\n<\/div><\/div>\n\t\t\t\t<\/li><\/ul>\n\t\t\t\t<\/div>","protected":false},"excerpt":{"rendered":"AllUpcoming20192020202120222023202420252026 Thu23Apr2026 Webinar \u201eKI-Kompetenz-Basisschulung\u201c10:00 \u2013 ca. 11:10 UhrGoTo-Webinar (online), Referent: Stephan Fr\u00f6hlich, Dr. Ludwig &amp; PartnerEinladung und Anmeldelink folgen per Newsletter an die Mitglieder! Tue28Apr2026 Regionalkreistagung Bayern12:30 bis 17:00 UhrMaritim Hotel, Schlo\u00dfl\u00e4nde 24, 85049 IngolstadtEinladung Anmeldung Tue16Jun2026 BDVM-Symposium in K\u00f6ln09:00 \u2013 16:00 UhrRadisson Blu Hotel K\u00f6ln, Messe Kreisel 3, 50679 K\u00f6lnAm 15.06.2026 veranstaltet der BDVM...","protected":false},"author":6,"featured_media":0,"parent":0,"menu_order":0,"comment_status":"closed","ping_status":"closed","template":"","meta":{"footnotes":""},"class_list":["post-7607","page","type-page","status-publish","hentry"],"yoast_head":"<!-- This site is optimized with the Yoast SEO plugin v26.8 - https:\/\/yoast.com\/product\/yoast-seo-wordpress\/ -->\n<title>Events | BDVM e.V.<\/title>\n<meta name=\"robots\" content=\"index, follow, max-snippet:-1, max-image-preview:large, max-video-preview:-1\" \/>\n<link rel=\"canonical\" href=\"https:\/\/bdvm.de\/en\/events-2\/\" \/>\n<meta property=\"og:locale\" content=\"en_US\" \/>\n<meta property=\"og:type\" content=\"article\" \/>\n<meta property=\"og:title\" content=\"Events | BDVM e.V.\" \/>\n<meta property=\"og:url\" content=\"https:\/\/bdvm.de\/en\/events-2\/\" \/>\n<meta property=\"og:site_name\" content=\"BDVM e.V.\" \/>\n<meta property=\"article:modified_time\" content=\"2019-03-01T10:11:21+00:00\" \/>\n<meta property=\"og:image\" content=\"https:\/\/bdvm.de\/wp-content\/uploads\/2019\/04\/bdvm_logo_kreis.jpg\" \/>\n\t<meta property=\"og:image:width\" content=\"821\" \/>\n\t<meta property=\"og:image:height\" content=\"821\" \/>\n\t<meta property=\"og:image:type\" content=\"image\/jpeg\" \/>\n<meta name=\"twitter:card\" content=\"summary_large_image\" \/>\n<script type=\"application\/ld+json\" class=\"yoast-schema-graph\">{\"@context\":\"https:\/\/schema.org\",\"@graph\":[{\"@type\":\"WebPage\",\"@id\":\"https:\/\/bdvm.de\/events-2\/\",\"url\":\"https:\/\/bdvm.de\/events-2\/\",\"name\":\"Events | BDVM e.V.\",\"isPartOf\":{\"@id\":\"https:\/\/bdvm.de\/#website\"},\"datePublished\":\"2019-02-04T07:48:02+00:00\",\"dateModified\":\"2019-03-01T10:11:21+00:00\",\"breadcrumb\":{\"@id\":\"https:\/\/bdvm.de\/events-2\/#breadcrumb\"},\"inLanguage\":\"en-US\",\"potentialAction\":[{\"@type\":\"ReadAction\",\"target\":[\"https:\/\/bdvm.de\/events-2\/\"]}]},{\"@type\":\"BreadcrumbList\",\"@id\":\"https:\/\/bdvm.de\/events-2\/#breadcrumb\",\"itemListElement\":[{\"@type\":\"ListItem\",\"position\":1,\"name\":\"Startseite\",\"item\":\"https:\/\/bdvm.de\/\"},{\"@type\":\"ListItem\",\"position\":2,\"name\":\"Events\"}]},{\"@type\":\"WebSite\",\"@id\":\"https:\/\/bdvm.de\/#website\",\"url\":\"https:\/\/bdvm.de\/\",\"name\":\"BDVM e.V.\",\"description\":\"Bundesverband Deutscher Versicherungsmakler e.V.\",\"publisher\":{\"@id\":\"https:\/\/bdvm.de\/#organization\"},\"potentialAction\":[{\"@type\":\"SearchAction\",\"target\":{\"@type\":\"EntryPoint\",\"urlTemplate\":\"https:\/\/bdvm.de\/?s={search_term_string}\"},\"query-input\":{\"@type\":\"PropertyValueSpecification\",\"valueRequired\":true,\"valueName\":\"search_term_string\"}}],\"inLanguage\":\"en-US\"},{\"@type\":\"Organization\",\"@id\":\"https:\/\/bdvm.de\/#organization\",\"name\":\"Bundesverband Deutscher Versicherungsmakler e.V.\",\"url\":\"https:\/\/bdvm.de\/\",\"logo\":{\"@type\":\"ImageObject\",\"inLanguage\":\"en-US\",\"@id\":\"https:\/\/bdvm.de\/#\/schema\/logo\/image\/\",\"url\":\"https:\/\/bdvm.de\/wp-content\/uploads\/2019\/04\/bdvm_logo_kreis.jpg\",\"contentUrl\":\"https:\/\/bdvm.de\/wp-content\/uploads\/2019\/04\/bdvm_logo_kreis.jpg\",\"width\":821,\"height\":821,\"caption\":\"Bundesverband Deutscher Versicherungsmakler e.V.\"},\"image\":{\"@id\":\"https:\/\/bdvm.de\/#\/schema\/logo\/image\/\"}}]}<\/script>\n<!-- \/ Yoast SEO plugin. -->","yoast_head_json":{"title":"Events | BDVM e.V.","robots":{"index":"index","follow":"follow","max-snippet":"max-snippet:-1","max-image-preview":"max-image-preview:large","max-video-preview":"max-video-preview:-1"},"canonical":"https:\/\/bdvm.de\/en\/events-2\/","og_locale":"en_US","og_type":"article","og_title":"Events | BDVM e.V.","og_url":"https:\/\/bdvm.de\/en\/events-2\/","og_site_name":"BDVM e.V.","article_modified_time":"2019-03-01T10:11:21+00:00","og_image":[{"width":821,"height":821,"url":"https:\/\/bdvm.de\/wp-content\/uploads\/2019\/04\/bdvm_logo_kreis.jpg","type":"image\/jpeg"}],"twitter_card":"summary_large_image","schema":{"@context":"https:\/\/schema.org","@graph":[{"@type":"WebPage","@id":"https:\/\/bdvm.de\/events-2\/","url":"https:\/\/bdvm.de\/events-2\/","name":"Events | BDVM e.V.","isPartOf":{"@id":"https:\/\/bdvm.de\/#website"},"datePublished":"2019-02-04T07:48:02+00:00","dateModified":"2019-03-01T10:11:21+00:00","breadcrumb":{"@id":"https:\/\/bdvm.de\/events-2\/#breadcrumb"},"inLanguage":"en-US","potentialAction":[{"@type":"ReadAction","target":["https:\/\/bdvm.de\/events-2\/"]}]},{"@type":"BreadcrumbList","@id":"https:\/\/bdvm.de\/events-2\/#breadcrumb","itemListElement":[{"@type":"ListItem","position":1,"name":"Startseite","item":"https:\/\/bdvm.de\/"},{"@type":"ListItem","position":2,"name":"Events"}]},{"@type":"WebSite","@id":"https:\/\/bdvm.de\/#website","url":"https:\/\/bdvm.de\/","name":"BDVM e.V.","description":"Bundesverband Deutscher Versicherungsmakler e.V.","publisher":{"@id":"https:\/\/bdvm.de\/#organization"},"potentialAction":[{"@type":"SearchAction","target":{"@type":"EntryPoint","urlTemplate":"https:\/\/bdvm.de\/?s={search_term_string}"},"query-input":{"@type":"PropertyValueSpecification","valueRequired":true,"valueName":"search_term_string"}}],"inLanguage":"en-US"},{"@type":"Organization","@id":"https:\/\/bdvm.de\/#organization","name":"Bundesverband Deutscher Versicherungsmakler e.V.","url":"https:\/\/bdvm.de\/","logo":{"@type":"ImageObject","inLanguage":"en-US","@id":"https:\/\/bdvm.de\/#\/schema\/logo\/image\/","url":"https:\/\/bdvm.de\/wp-content\/uploads\/2019\/04\/bdvm_logo_kreis.jpg","contentUrl":"https:\/\/bdvm.de\/wp-content\/uploads\/2019\/04\/bdvm_logo_kreis.jpg","width":821,"height":821,"caption":"Bundesverband Deutscher Versicherungsmakler e.V."},"image":{"@id":"https:\/\/bdvm.de\/#\/schema\/logo\/image\/"}}]}},"_links":{"self":[{"href":"https:\/\/bdvm.de\/en\/wp-json\/wp\/v2\/pages\/7607","targetHints":{"allow":["GET"]}}],"collection":[{"href":"https:\/\/bdvm.de\/en\/wp-json\/wp\/v2\/pages"}],"about":[{"href":"https:\/\/bdvm.de\/en\/wp-json\/wp\/v2\/types\/page"}],"author":[{"embeddable":true,"href":"https:\/\/bdvm.de\/en\/wp-json\/wp\/v2\/users\/6"}],"replies":[{"embeddable":true,"href":"https:\/\/bdvm.de\/en\/wp-json\/wp\/v2\/comments?post=7607"}],"version-history":[{"count":1,"href":"https:\/\/bdvm.de\/en\/wp-json\/wp\/v2\/pages\/7607\/revisions"}],"predecessor-version":[{"id":7608,"href":"https:\/\/bdvm.de\/en\/wp-json\/wp\/v2\/pages\/7607\/revisions\/7608"}],"wp:attachment":[{"href":"https:\/\/bdvm.de\/en\/wp-json\/wp\/v2\/media?parent=7607"}],"curies":[{"name":"wp","href":"https:\/\/api.w.org\/{rel}","templated":true}]}}